{"id":272,"date":"2019-12-06T10:05:37","date_gmt":"2019-12-06T09:05:37","guid":{"rendered":"http:\/\/www.conpol.pl\/?page_id=272"},"modified":"2019-12-06T13:45:15","modified_gmt":"2019-12-06T12:45:15","slug":"przebudowa-ukladow-torowych-wraz-infrastruktura-towarzyszaca-na-linii-kolejowej-e59","status":"publish","type":"page","link":"https:\/\/www.conpol.pl\/en\/realizacje\/przebudowa-ukladow-torowych-wraz-infrastruktura-towarzyszaca-na-linii-kolejowej-e59\/","title":{"rendered":"Przebudowa uk\u0142ad\u00f3w torowych wraz infrastruktur\u0105 towarzysz\u0105c\u0105 na linii kolejowej E59"},"content":{"rendered":"","protected":false},"excerpt":{"rendered":"","protected":false},"author":1,"featured_media":0,"parent":13,"menu_order":0,"comment_status":"closed","ping_status":"closed","template":"","meta":[],"acf":[],"_links":{"self":[{"href":"https:\/\/www.conpol.pl\/en\/wp-json\/wp\/v2\/pages\/272"}],"collection":[{"href":"https:\/\/www.conpol.pl\/en\/wp-json\/wp\/v2\/pages"}],"about":[{"href":"https:\/\/www.conpol.pl\/en\/wp-json\/wp\/v2\/types\/page"}],"author":[{"embeddable":true,"href":"https:\/\/www.conpol.pl\/en\/wp-json\/wp\/v2\/users\/1"}],"replies":[{"embeddable":true,"href":"https:\/\/www.conpol.pl\/en\/wp-json\/wp\/v2\/comments?post=272"}],"version-history":[{"count":20,"href":"https:\/\/www.conpol.pl\/en\/wp-json\/wp\/v2\/pages\/272\/revisions"}],"predecessor-version":[{"id":316,"href":"https:\/\/www.conpol.pl\/en\/wp-json\/wp\/v2\/pages\/272\/revisions\/316"}],"up":[{"embeddable":true,"href":"https:\/\/www.conpol.pl\/en\/wp-json\/wp\/v2\/pages\/13"}],"wp:attachment":[{"href":"https:\/\/www.conpol.pl\/en\/wp-json\/wp\/v2\/media?parent=272"}],"curies":[{"name":"wp","href":"https:\/\/api.w.org\/{rel}","templated":true}]}}