{"id":317,"date":"2019-12-06T14:05:35","date_gmt":"2019-12-06T13:05:35","guid":{"rendered":"http:\/\/www.conpol.pl\/?page_id=317"},"modified":"2019-12-06T14:28:07","modified_gmt":"2019-12-06T13:28:07","slug":"wykonanie-robot-budowlanych-na-odcinku-linii-e30-krakow-mydlniki-krakow-glowny-towarowy","status":"publish","type":"page","link":"https:\/\/www.conpol.pl\/en\/realizacje\/wykonanie-robot-budowlanych-na-odcinku-linii-e30-krakow-mydlniki-krakow-glowny-towarowy\/","title":{"rendered":"Wykonanie rob\u00f3t budowlanych na odcinku linii E30 Krak\u00f3w Mydlniki &#8211; Krak\u00f3w G\u0142\u00f3wny Towarowy"},"content":{"rendered":"","protected":false},"excerpt":{"rendered":"","protected":false},"author":1,"featured_media":0,"parent":13,"menu_order":0,"comment_status":"closed","ping_status":"closed","template":"","meta":[],"acf":[],"_links":{"self":[{"href":"https:\/\/www.conpol.pl\/en\/wp-json\/wp\/v2\/pages\/317"}],"collection":[{"href":"https:\/\/www.conpol.pl\/en\/wp-json\/wp\/v2\/pages"}],"about":[{"href":"https:\/\/www.conpol.pl\/en\/wp-json\/wp\/v2\/types\/page"}],"author":[{"embeddable":true,"href":"https:\/\/www.conpol.pl\/en\/wp-json\/wp\/v2\/users\/1"}],"replies":[{"embeddable":true,"href":"https:\/\/www.conpol.pl\/en\/wp-json\/wp\/v2\/comments?post=317"}],"version-history":[{"count":1,"href":"https:\/\/www.conpol.pl\/en\/wp-json\/wp\/v2\/pages\/317\/revisions"}],"predecessor-version":[{"id":338,"href":"https:\/\/www.conpol.pl\/en\/wp-json\/wp\/v2\/pages\/317\/revisions\/338"}],"up":[{"embeddable":true,"href":"https:\/\/www.conpol.pl\/en\/wp-json\/wp\/v2\/pages\/13"}],"wp:attachment":[{"href":"https:\/\/www.conpol.pl\/en\/wp-json\/wp\/v2\/media?parent=317"}],"curies":[{"name":"wp","href":"https:\/\/api.w.org\/{rel}","templated":true}]}}